{"id":2016,"date":"2022-06-01T10:51:46","date_gmt":"2022-06-01T08:51:46","guid":{"rendered":"https:\/\/swiss.hyalutidin.com\/cookie-policy\/"},"modified":"2023-02-16T12:02:13","modified_gmt":"2023-02-16T10:02:13","slug":"cookie-richtlinie","status":"publish","type":"page","link":"https:\/\/swiss.hyalutidin.com\/fr\/cookie-richtlinie\/","title":{"rendered":"Cookie-Richtlinie"},"content":{"rendered":"\t\t<div data-elementor-type=\"wp-page\" data-elementor-id=\"2016\" class=\"elementor elementor-2016 elementor-1544\" data-elementor-post-type=\"page\">\n\t\t\t\t\t\t<section class=\"elementor-section elementor-top-section elementor-element elementor-element-6896baa4 elementor-section-boxed elementor-section-height-default elementor-section-height-default\" data-id=\"6896baa4\" data-element_type=\"section\">\n\t\t\t\t\t\t<div class=\"elementor-container elementor-column-gap-default\">\n\t\t\t\t\t<div class=\"elementor-column elementor-col-100 elementor-top-column elementor-element elementor-element-4aa946a2\" data-id=\"4aa946a2\" data-element_type=\"column\">\n\t\t\t<div class=\"elementor-widget-wrap elementor-element-populated\">\n\t\t\t\t\t\t<div class=\"elementor-element elementor-element-13580210 elementor-widget elementor-widget-text-editor\" data-id=\"13580210\" data-element_type=\"widget\" data-widget_type=\"text-editor.default\">\n\t\t\t\t<div class=\"elementor-widget-container\">\n\t\t\t\t\t\t\t\t\t<h3>Que sont les cookies?<\/h3>\nLes cookies sont de petits fichiers de donn\u00e9es qui sont t\u00e9l\u00e9charg\u00e9s et install\u00e9s sur un appareil lors de la visite d\u2019un site web. Lors des visites ult\u00e9rieures, les cookies sont renvoy\u00e9s au site d\u2019origine ou \u00e0 d\u2019autres sites qui les reconnaissent. Les cookies sont utiles, car ils permettent de stocker et de r\u00e9cup\u00e9rer des informations sur le nombre de visiteurs, les habitudes d\u2019utilisation des utilisateurs et des appareils. En fonction des informations qu\u2019ils contiennent et de la mani\u00e8re dont les utilisateurs utilisent un appareil donn\u00e9, ils peuvent aussi servir \u00e0 reconna\u00eetre les utilisateurs. Pour plus d\u2019informations sur les cookies, veuillez consulter le site <a href=\"www.allaboutcookies.org\" target=\"_blank\" rel=\"noopener noreferrer\">www.allaboutcookies.org<\/a>.\n<h3>Quels types de cookies sont utilis\u00e9s sur ce site web?<\/h3>\nLe site web http:\/\/swiss.hyalutidin.com (le \u00absite web\u00bb) utilise les types de cookies suivants:\n<ul>\n \t<li>En fonction de la dur\u00e9e:\n<ul>\n \t<li>Cookies de session: Ces cookies ne subsistent que pendant la session de l\u2019utilisateur qui visite le site web. Si l\u2019utilisateur ferme son navigateur ou \u00e9teint son appareil, ils disparaissent de l\u2019appareil. Si les utilisateurs s\u2019identifient par un quelconque moyen activ\u00e9, nous utiliserons des cookies de session avec des informations crypt\u00e9es pour les distinguer des autres utilisateurs.<\/li>\n \t<li>Cookies permanents: Ces cookies restent sur l\u2019appareil des utilisateurs m\u00eame apr\u00e8s la fermeture du navigateur ou l\u2019extinction de l\u2019appareil. Ils sont activ\u00e9s chaque fois qu\u2019un utilisateur visite le site web qui a cr\u00e9\u00e9 le cookie en question. Lors de la visite du site web, l\u2019utilisateur se voit attribuer un identifiant unique associ\u00e9 \u00e0 un cookie permanent qui est t\u00e9l\u00e9charg\u00e9 dans le navigateur de l\u2019utilisateur.<\/li>\n<\/ul>\n<\/li>\n \t<li>Sur la base de l\u2019organisation qui installe les cookies:\n<ul>\n \t<li>Cookies internes: Les informations collect\u00e9es par ces cookies sont g\u00e9r\u00e9es par LIVISTO afin de fournir \u00e0 l\u2019utilisateur le service demand\u00e9.<\/li>\n \t<li>Cookies tiers: Les informations collect\u00e9es par ces cookies sont g\u00e9r\u00e9es par Google, Inc.<\/li>\n<\/ul>\n<\/li>\n \t<li>Selon la raison de l\u2019installation de ces cookies:\n<ul>\n \t<li>Cookies techniques: Ces cookies permettent aux utilisateurs de naviguer et d\u2019utiliser les options et services offerts sur le site web, par exemple : contr\u00f4le du trafic et de la communication des donn\u00e9es, identification des sessions, demandes d\u2019informations, affichage de vid\u00e9os, utilisation d\u2019\u00e9l\u00e9ments de s\u00e9curit\u00e9 lors de la navigation ou du stockage, et transmission ou partage de contenu.<\/li>\n \t<li>Cookies analytiques: Ces cookies permettent de comptabiliser le nombre de visiteurs, de mesurer et d\u2019\u00e9valuer statistiquement l\u2019utilisation et les activit\u00e9s des utilisateurs, ainsi que de cr\u00e9er des profils de navigation afin d\u2019apporter des am\u00e9liorations au site web.<\/li>\n<\/ul>\n<\/li>\n<\/ul>\nVous trouverez ci-dessous une br\u00e8ve description des cookies utilis\u00e9s sur le site web et de leurs finalit\u00e9s:\t\t\t\t\t\t\t\t<\/div>\n\t\t\t\t<\/div>\n\t\t\t\t<div class=\"elementor-element elementor-element-d7df578 elementor-widget elementor-widget-shortcode\" data-id=\"d7df578\" data-element_type=\"widget\" data-widget_type=\"shortcode.default\">\n\t\t\t\t<div class=\"elementor-widget-container\">\n\t\t\t\t\t\t\t<div class=\"elementor-shortcode\"><table class=\"wt-cli-element cookielawinfo-row-cat-table cookielawinfo-classic\"><thead><tr><th scope=\"col\" class=\"cookielawinfo-column-1\">Cookie<\/th><th scope=\"col\" class=\"cookielawinfo-column-2\">Type<\/th><th scope=\"col\" class=\"cookielawinfo-column-3\">Dur\u00e9e<\/th><th scope=\"col\" class=\"cookielawinfo-column-4\">Description<\/th><\/tr><\/thead><tbody><tr class=\"cookielawinfo-row\"><td class=\"cookielawinfo-column-1\">_fbp<\/td><td class=\"cookielawinfo-column-2\"><\/td><td class=\"cookielawinfo-column-3\">3 mois<\/td><td class=\"cookielawinfo-column-4\">Facebook utilise ce cookie pour afficher des publicit\u00e9s sur Facebook ou sur une plateforme num\u00e9rique aliment\u00e9e par la publicit\u00e9 de Facebook apr\u00e8s avoir visit\u00e9 le site web.<\/td><\/tr><tr class=\"cookielawinfo-row\"><td class=\"cookielawinfo-column-1\">_ga<\/td><td class=\"cookielawinfo-column-2\"><\/td><td class=\"cookielawinfo-column-3\">2 years<\/td><td class=\"cookielawinfo-column-4\">Le cookie _ga, install\u00e9 par Google Analytics, calcule les donn\u00e9es des visiteurs, des sessions et des campagnes et assure \u00e9galement le suivi de l'utilisation du site pour le rapport d'analyse du site. Le cookie stocke les informations de mani\u00e8re anonyme et attribue un num\u00e9ro g\u00e9n\u00e9r\u00e9 de mani\u00e8re al\u00e9atoire pour reconna\u00eetre les visiteurs uniques.<\/td><\/tr><tr class=\"cookielawinfo-row\"><td class=\"cookielawinfo-column-1\">_ga_*<\/td><td class=\"cookielawinfo-column-2\"><\/td><td class=\"cookielawinfo-column-3\"><\/td><td class=\"cookielawinfo-column-4\">Google Analytics sets this cookie to store and count page views.<\/td><\/tr><tr class=\"cookielawinfo-row\"><td class=\"cookielawinfo-column-1\">_ga_F4CSP2STT2<\/td><td class=\"cookielawinfo-column-2\"><\/td><td class=\"cookielawinfo-column-3\">2 years<\/td><td class=\"cookielawinfo-column-4\">Ce cookie est install\u00e9 par Google Analytics.<\/td><\/tr><tr class=\"cookielawinfo-row\"><td class=\"cookielawinfo-column-1\">cookielawinfo-checkbox-analytics<\/td><td class=\"cookielawinfo-column-2\"><\/td><td class=\"cookielawinfo-column-3\">1 year<\/td><td class=\"cookielawinfo-column-4\">D\u00e9fini par le plugin GDPR Cookie Consent, ce cookie est utilis\u00e9 pour enregistrer le consentement de l'utilisateur pour les cookies de la cat\u00e9gorie \"Analytics\".<\/td><\/tr><tr class=\"cookielawinfo-row\"><td class=\"cookielawinfo-column-1\">cookielawinfo-checkbox-necessary<\/td><td class=\"cookielawinfo-column-2\"><\/td><td class=\"cookielawinfo-column-3\">1 year<\/td><td class=\"cookielawinfo-column-4\">D\u00e9fini par le plugin GDPR Cookie Consent, ce cookie est utilis\u00e9 pour enregistrer le consentement de l'utilisateur pour les cookies de la cat\u00e9gorie \"N\u00e9cessaire\".<\/td><\/tr><tr class=\"cookielawinfo-row\"><td class=\"cookielawinfo-column-1\">CookieLawInfoConsent<\/td><td class=\"cookielawinfo-column-2\"><\/td><td class=\"cookielawinfo-column-3\"><\/td><td class=\"cookielawinfo-column-4\">CookieYes sets this cookie to record the default button state of the corresponding category and the status of CCPA. It works only in coordination with the primary cookie.<\/td><\/tr><tr class=\"cookielawinfo-row\"><td class=\"cookielawinfo-column-1\">elementor<\/td><td class=\"cookielawinfo-column-2\"><\/td><td class=\"cookielawinfo-column-3\">never<\/td><td class=\"cookielawinfo-column-4\">Ce cookie est utilis\u00e9 par le th\u00e8me WordPress du site Web. Il permet au propri\u00e9taire du site Web de mettre en \u0153uvre ou de modifier le contenu du site Web en temps r\u00e9el.<\/td><\/tr><tr class=\"cookielawinfo-row\"><td class=\"cookielawinfo-column-1\">viewed_cookie_policy<\/td><td class=\"cookielawinfo-column-2\"><\/td><td class=\"cookielawinfo-column-3\">1 year<\/td><td class=\"cookielawinfo-column-4\">Le cookie est d\u00e9fini par le plugin GDPR Cookie Consent pour stocker si l'utilisateur a consenti ou non \u00e0 l'utilisation de cookies. Il ne stocke aucune donn\u00e9e personnelle.<\/td><\/tr><tr class=\"cookielawinfo-row\"><td class=\"cookielawinfo-column-1\">wpEmojiSettingsSupports<\/td><td class=\"cookielawinfo-column-2\"><\/td><td class=\"cookielawinfo-column-3\"><\/td><td class=\"cookielawinfo-column-4\">WordPress sets this cookie when a user interacts with emojis on a WordPress site.  It helps determine if the user's browser can display emojis properly.<\/td><\/tr><\/tbody><\/table><\/div>\n\t\t\t\t\t\t<\/div>\n\t\t\t\t<\/div>\n\t\t\t\t<div class=\"elementor-element elementor-element-579fbce elementor-widget elementor-widget-text-editor\" data-id=\"579fbce\" data-element_type=\"widget\" data-widget_type=\"text-editor.default\">\n\t\t\t\t<div class=\"elementor-widget-container\">\n\t\t\t\t\t\t\t\t\tComme indiqu\u00e9 dans l\u2019en-t\u00eate de la page d\u2019accueil, nous consid\u00e9rons que les utilisateurs acceptent l\u2019installation et l\u2019utilisation des cookies mentionn\u00e9s dans cette section s\u2019ils continuent \u00e0 utiliser le site web. Si les utilisateurs refusent l\u2019installation desdits cookies ou s\u2019ils ont d\u00e9sactiv\u00e9 les param\u00e8tres d\u2019acceptation des cookies, ils acceptent que la navigation dans diff\u00e9rentes parties du site web puisse \u00eatre limit\u00e9e. Malgr\u00e9 ce qui pr\u00e9c\u00e8de, l&rsquo;absence d&rsquo;installation d&rsquo;un cookie n&#8217;emp\u00eache en aucun cas l&rsquo;exercice des droits reconnus par la loi \u00e0 l&rsquo;\u00e9gard de la Fondation.\n<h3>Comment d\u00e9sactiver ou supprimer les cookies?<\/h3>\nLes utilisateurs peuvent accepter l\u2019installation desdits cookies et les d\u00e9sactiver, les bloquer ou les supprimer \u00e0 tout moment \u00e0 partir des param\u00e8tres de leur navigateur:\n<ul>\n \t<li>Param\u00e8tres des cookies dans Internet Explorer \u2014 <a href=\"http:\/\/windows.microsoft.com\/en-us\/windows7\/block-enable-or-allow-cookies\" target=\"_blank\" rel=\"noopener noreferrer\">http:\/\/windows.microsoft.com\/en-us\/windows7\/block-enable-or-allow-cookies<\/a><\/li>\n \t<li>Param\u00e8tres des cookies dans Firefox \u2014 <a href=\"https:\/\/support.mozilla.org\/fr\/kb\/protection-renforcee-contre-pistage-firefox-ordinateur\" target=\"_blank\" rel=\"noopener noreferrer\">https:\/\/support.mozilla.org\/fr\/kb\/protection-renforcee-contre-pistage-firefox-ordinateur<\/a><\/li>\n \t<li>Param\u00e8tres des cookies dans Google Chrome \u2014 <a href=\"https:\/\/support.google.com\/chrome\/answer\/95647?hl=fr\" target=\"_blank\" rel=\"noopener noreferrer\">https:\/\/support.google.com\/chrome\/answer\/95647?hl=fr<\/a><\/li>\n \t<li>Param\u00e8tres de cookies dans Safari \u2014 <a href=\"https:\/\/support.apple.com\/fr-fr\/HT201265\" target=\"_blank\" rel=\"noopener noreferrer\">https:\/\/support.apple.com\/fr-fr\/HT201265<\/a><\/li>\n \t<li>Param\u00e8tres de cookies dans Windows Phone \u2014 <a href=\"http:\/\/www.windowsphone.com\/en-us\/how-to\/wp7\/web\/changing-privacy-and-other-browser-settings\" target=\"_blank\" rel=\"noopener noreferrer\">http:\/\/www.windowsphone.com\/en-us\/how-to\/wp7\/web\/changing-privacy-and-other-browser-settings<\/a><\/li>\n<\/ul>\n<h3>Mises \u00e0 jour de la politique en mati\u00e8re de cookies<\/h3>\nHYALUTIDIN se r\u00e9serve le droit de modifier la pr\u00e9sente politique en mati\u00e8re de cookies afin de se conformer aux exigences l\u00e9gales ou de l\u2019adapter aux types de cookies utilis\u00e9s sur ce site web, et ce en recueillant le consentement \u00e9clair\u00e9 des utilisateurs lorsque la loi l\u2019exige.\n<h3>Google Analytics<\/h3>\nCe site utilise Google Analytics, un service d\u2019analyse de sites Internet fourni par Google Inc. (\u00abGoogle\u00bb). Google Analytics utilise des \u00ab\u00a0cookies\u00a0\u00bb, qui sont des fichiers texte plac\u00e9s sur votre ordinateur, pour aider le site Internet \u00e0 analyser l\u2019utilisation que vous en faites. Les informations g\u00e9n\u00e9r\u00e9es par le cookie concernant votre utilisation du site web (y compris votre adresse IP) sont en r\u00e8gle g\u00e9n\u00e9rale transmises \u00e0 un serveur Google aux \u00c9tats-Unis o\u00f9 elles sont sauvegard\u00e9es. Si l\u2019anonymisation IP est activ\u00e9e, Google tronque\/anonymise le dernier octet de votre adresse IP au sein des \u00e9tats membres de l\u2019Union europ\u00e9enne et des autres pays signataires de la convention sur l\u2019espace \u00e9conomique europ\u00e9en. L\u2019adresse IP compl\u00e8te sera transmise, uniquement dans des cas exceptionnels, \u00e0 un serveur de Google aux \u00c9tats-Unis o\u00f9 elle sera abr\u00e9g\u00e9e. Sur demande de l\u2019exploitant de ce site, Google utilisera ces informations afin d\u2019\u00e9valuer la fr\u00e9quentation du site Internet, d\u2019\u00e9laborer des rapports sur les activit\u00e9s du site et d\u2019apporter \u00e0 l\u2019exploitant du site d\u2019autres prestations de service li\u00e9es \u00e0 l\u2019utilisation du site et d\u2019Internet. L\u2019adresse IP identifi\u00e9e par Google Analytics \u00e0 partir de votre navigateur ne sera pas mise en corr\u00e9lation avec d\u2019autres donn\u00e9es par Google. Vous pouvez emp\u00eacher l\u2019enregistrement des cookies en s\u00e9lectionnant les param\u00e8tres appropri\u00e9s sur votre navigateur. Nous attirons cependant votre attention sur le fait que vous ne pourrez dans ce cas \u00e9ventuellement pas utiliser toutes les fonctions de ce site Internet. Vous pouvez en outre emp\u00eacher la collecte et l\u2019enregistrement des donn\u00e9es (cookies et adresse IP) en t\u00e9l\u00e9chargeant puis installant le plugin de navigateur suivant : <a href=\"https:\/\/tools.google.com\/dlpage\/gaoptout\" target=\"_blank\" rel=\"noopener noreferrer\">https:\/\/tools.google.com\/dlpage\/gaoptout<\/a>.\n\nVous pouvez refuser l&rsquo;utilisation de Google Analytics en cliquant sur le lien suivant. Un cookie de d\u00e9sactivation (opt-out cookie) sera install\u00e9 sur l&rsquo;ordinateur, ce qui emp\u00eachera la collecte future de vos donn\u00e9es lors de la visite de ce site web : d\u00e9sactiver Google Analytics\n\nDes informations d\u00e9taill\u00e9es sur les conditions d&rsquo;utilisation et la confidentialit\u00e9 des donn\u00e9es sont disponibles sur: <a href=\"http:\/\/www.google.com\/analytics\/terms\/fr.html\" target=\"_blank\" rel=\"noopener noreferrer\">http:\/\/www.google.com\/analytics\/terms\/fr.html<\/a> et <a href=\"https:\/\/www.google.de\/intl\/en_uk\/policies\/\" target=\"_blank\" rel=\"noopener noreferrer\">https:\/\/www.google.de\/intl\/en_uk\/policies\/<\/a>. Veuillez noter que sur ce site Google Analytics a \u00e9t\u00e9 mis \u00e0 jour avec le code \u00abanonymizeIp\u00bb afin de garantir une anonymisation des adresses IP (\u00abmasquage d\u2019IP\u00bb).\t\t\t\t\t\t\t\t<\/div>\n\t\t\t\t<\/div>\n\t\t\t\t\t<\/div>\n\t\t<\/div>\n\t\t\t\t\t<\/div>\n\t\t<\/section>\n\t\t\t\t<\/div>\n\t\t","protected":false},"excerpt":{"rendered":"<p>Que sont les cookies? Les cookies sont de petits fichiers de donn\u00e9es qui sont t\u00e9l\u00e9charg\u00e9s et install\u00e9s sur un appareil lors de la visite d\u2019un site web. Lors des visites ult\u00e9rieures, les cookies sont renvoy\u00e9s au site d\u2019origine ou \u00e0 d\u2019autres sites qui les reconnaissent. Les cookies sont utiles, car ils permettent de stocker et [&hellip;]<\/p>\n","protected":false},"author":1,"featured_media":0,"parent":0,"menu_order":90,"comment_status":"closed","ping_status":"closed","template":"page-standard.php","meta":{"inline_featured_image":false,"footnotes":""},"class_list":["post-2016","page","type-page","status-publish","hentry"],"yoast_head":"<!-- This site is optimized with the Yoast SEO plugin v24.0 - https:\/\/yoast.com\/wordpress\/plugins\/seo\/ -->\n<title>Cookie-Richtlinie - HYALUTIDIN\u00ae DC<\/title>\n<meta name=\"robots\" content=\"index, follow, max-snippet:-1, max-image-preview:large, max-video-preview:-1\" \/>\n<link rel=\"canonical\" href=\"https:\/\/swiss.hyalutidin.com\/fr\/cookie-richtlinie\/\" \/>\n<meta property=\"og:locale\" content=\"fr_FR\" \/>\n<meta property=\"og:type\" content=\"article\" \/>\n<meta property=\"og:title\" content=\"Cookie-Richtlinie - HYALUTIDIN\u00ae DC\" \/>\n<meta property=\"og:description\" content=\"Que sont les cookies? Les cookies sont de petits fichiers de donn\u00e9es qui sont t\u00e9l\u00e9charg\u00e9s et install\u00e9s sur un appareil lors de la visite d\u2019un site web. Lors des visites ult\u00e9rieures, les cookies sont renvoy\u00e9s au site d\u2019origine ou \u00e0 d\u2019autres sites qui les reconnaissent. Les cookies sont utiles, car ils permettent de stocker et [&hellip;]\" \/>\n<meta property=\"og:url\" content=\"https:\/\/swiss.hyalutidin.com\/fr\/cookie-richtlinie\/\" \/>\n<meta property=\"og:site_name\" content=\"HYALUTIDIN\u00ae DC\" \/>\n<meta property=\"article:modified_time\" content=\"2023-02-16T10:02:13+00:00\" \/>\n<meta name=\"twitter:card\" content=\"summary_large_image\" \/>\n<meta name=\"twitter:label1\" content=\"Dur\u00e9e de lecture estim\u00e9e\" \/>\n\t<meta name=\"twitter:data1\" content=\"5 minutes\" \/>\n<script type=\"application\/ld+json\" class=\"yoast-schema-graph\">{\"@context\":\"https:\/\/schema.org\",\"@graph\":[{\"@type\":\"WebPage\",\"@id\":\"https:\/\/swiss.hyalutidin.com\/fr\/cookie-richtlinie\/\",\"url\":\"https:\/\/swiss.hyalutidin.com\/fr\/cookie-richtlinie\/\",\"name\":\"Cookie-Richtlinie - HYALUTIDIN\u00ae DC\",\"isPartOf\":{\"@id\":\"https:\/\/swiss.hyalutidin.com\/fr\/#website\"},\"datePublished\":\"2022-06-01T08:51:46+00:00\",\"dateModified\":\"2023-02-16T10:02:13+00:00\",\"breadcrumb\":{\"@id\":\"https:\/\/swiss.hyalutidin.com\/fr\/cookie-richtlinie\/#breadcrumb\"},\"inLanguage\":\"fr-FR\",\"potentialAction\":[{\"@type\":\"ReadAction\",\"target\":[\"https:\/\/swiss.hyalutidin.com\/fr\/cookie-richtlinie\/\"]}]},{\"@type\":\"BreadcrumbList\",\"@id\":\"https:\/\/swiss.hyalutidin.com\/fr\/cookie-richtlinie\/#breadcrumb\",\"itemListElement\":[{\"@type\":\"ListItem\",\"position\":1,\"name\":\"Home\",\"item\":\"https:\/\/swiss.hyalutidin.com\/fr\/\"},{\"@type\":\"ListItem\",\"position\":2,\"name\":\"Cookie-Richtlinie\"}]},{\"@type\":\"WebSite\",\"@id\":\"https:\/\/swiss.hyalutidin.com\/fr\/#website\",\"url\":\"https:\/\/swiss.hyalutidin.com\/fr\/\",\"name\":\"HYALUTIDIN\u00ae DC\",\"description\":\"Helps to improve joint mobility\",\"publisher\":{\"@id\":\"https:\/\/swiss.hyalutidin.com\/fr\/#organization\"},\"potentialAction\":[{\"@type\":\"SearchAction\",\"target\":{\"@type\":\"EntryPoint\",\"urlTemplate\":\"https:\/\/swiss.hyalutidin.com\/fr\/?s={search_term_string}\"},\"query-input\":{\"@type\":\"PropertyValueSpecification\",\"valueRequired\":true,\"valueName\":\"search_term_string\"}}],\"inLanguage\":\"fr-FR\"},{\"@type\":\"Organization\",\"@id\":\"https:\/\/swiss.hyalutidin.com\/fr\/#organization\",\"name\":\"HYALUTIDIN\u00ae DC\",\"url\":\"https:\/\/swiss.hyalutidin.com\/fr\/\",\"logo\":{\"@type\":\"ImageObject\",\"inLanguage\":\"fr-FR\",\"@id\":\"https:\/\/swiss.hyalutidin.com\/fr\/#\/schema\/logo\/image\/\",\"url\":\"https:\/\/swiss.hyalutidin.com\/wp-content\/uploads\/2022\/06\/livisto.png\",\"contentUrl\":\"https:\/\/swiss.hyalutidin.com\/wp-content\/uploads\/2022\/06\/livisto.png\",\"width\":82,\"height\":44,\"caption\":\"HYALUTIDIN\u00ae DC\"},\"image\":{\"@id\":\"https:\/\/swiss.hyalutidin.com\/fr\/#\/schema\/logo\/image\/\"}}]}<\/script>\n<!-- \/ Yoast SEO plugin. -->","yoast_head_json":{"title":"Cookie-Richtlinie - HYALUTIDIN\u00ae DC","robots":{"index":"index","follow":"follow","max-snippet":"max-snippet:-1","max-image-preview":"max-image-preview:large","max-video-preview":"max-video-preview:-1"},"canonical":"https:\/\/swiss.hyalutidin.com\/fr\/cookie-richtlinie\/","og_locale":"fr_FR","og_type":"article","og_title":"Cookie-Richtlinie - HYALUTIDIN\u00ae DC","og_description":"Que sont les cookies? Les cookies sont de petits fichiers de donn\u00e9es qui sont t\u00e9l\u00e9charg\u00e9s et install\u00e9s sur un appareil lors de la visite d\u2019un site web. Lors des visites ult\u00e9rieures, les cookies sont renvoy\u00e9s au site d\u2019origine ou \u00e0 d\u2019autres sites qui les reconnaissent. Les cookies sont utiles, car ils permettent de stocker et [&hellip;]","og_url":"https:\/\/swiss.hyalutidin.com\/fr\/cookie-richtlinie\/","og_site_name":"HYALUTIDIN\u00ae DC","article_modified_time":"2023-02-16T10:02:13+00:00","twitter_card":"summary_large_image","twitter_misc":{"Dur\u00e9e de lecture estim\u00e9e":"5 minutes"},"schema":{"@context":"https:\/\/schema.org","@graph":[{"@type":"WebPage","@id":"https:\/\/swiss.hyalutidin.com\/fr\/cookie-richtlinie\/","url":"https:\/\/swiss.hyalutidin.com\/fr\/cookie-richtlinie\/","name":"Cookie-Richtlinie - HYALUTIDIN\u00ae DC","isPartOf":{"@id":"https:\/\/swiss.hyalutidin.com\/fr\/#website"},"datePublished":"2022-06-01T08:51:46+00:00","dateModified":"2023-02-16T10:02:13+00:00","breadcrumb":{"@id":"https:\/\/swiss.hyalutidin.com\/fr\/cookie-richtlinie\/#breadcrumb"},"inLanguage":"fr-FR","potentialAction":[{"@type":"ReadAction","target":["https:\/\/swiss.hyalutidin.com\/fr\/cookie-richtlinie\/"]}]},{"@type":"BreadcrumbList","@id":"https:\/\/swiss.hyalutidin.com\/fr\/cookie-richtlinie\/#breadcrumb","itemListElement":[{"@type":"ListItem","position":1,"name":"Home","item":"https:\/\/swiss.hyalutidin.com\/fr\/"},{"@type":"ListItem","position":2,"name":"Cookie-Richtlinie"}]},{"@type":"WebSite","@id":"https:\/\/swiss.hyalutidin.com\/fr\/#website","url":"https:\/\/swiss.hyalutidin.com\/fr\/","name":"HYALUTIDIN\u00ae DC","description":"Helps to improve joint mobility","publisher":{"@id":"https:\/\/swiss.hyalutidin.com\/fr\/#organization"},"potentialAction":[{"@type":"SearchAction","target":{"@type":"EntryPoint","urlTemplate":"https:\/\/swiss.hyalutidin.com\/fr\/?s={search_term_string}"},"query-input":{"@type":"PropertyValueSpecification","valueRequired":true,"valueName":"search_term_string"}}],"inLanguage":"fr-FR"},{"@type":"Organization","@id":"https:\/\/swiss.hyalutidin.com\/fr\/#organization","name":"HYALUTIDIN\u00ae DC","url":"https:\/\/swiss.hyalutidin.com\/fr\/","logo":{"@type":"ImageObject","inLanguage":"fr-FR","@id":"https:\/\/swiss.hyalutidin.com\/fr\/#\/schema\/logo\/image\/","url":"https:\/\/swiss.hyalutidin.com\/wp-content\/uploads\/2022\/06\/livisto.png","contentUrl":"https:\/\/swiss.hyalutidin.com\/wp-content\/uploads\/2022\/06\/livisto.png","width":82,"height":44,"caption":"HYALUTIDIN\u00ae DC"},"image":{"@id":"https:\/\/swiss.hyalutidin.com\/fr\/#\/schema\/logo\/image\/"}}]}},"_links":{"self":[{"href":"https:\/\/swiss.hyalutidin.com\/fr\/wp-json\/wp\/v2\/pages\/2016","targetHints":{"allow":["GET"]}}],"collection":[{"href":"https:\/\/swiss.hyalutidin.com\/fr\/wp-json\/wp\/v2\/pages"}],"about":[{"href":"https:\/\/swiss.hyalutidin.com\/fr\/wp-json\/wp\/v2\/types\/page"}],"author":[{"embeddable":true,"href":"https:\/\/swiss.hyalutidin.com\/fr\/wp-json\/wp\/v2\/users\/1"}],"replies":[{"embeddable":true,"href":"https:\/\/swiss.hyalutidin.com\/fr\/wp-json\/wp\/v2\/comments?post=2016"}],"version-history":[{"count":2,"href":"https:\/\/swiss.hyalutidin.com\/fr\/wp-json\/wp\/v2\/pages\/2016\/revisions"}],"predecessor-version":[{"id":2018,"href":"https:\/\/swiss.hyalutidin.com\/fr\/wp-json\/wp\/v2\/pages\/2016\/revisions\/2018"}],"wp:attachment":[{"href":"https:\/\/swiss.hyalutidin.com\/fr\/wp-json\/wp\/v2\/media?parent=2016"}],"curies":[{"name":"wp","href":"https:\/\/api.w.org\/{rel}","templated":true}]}}