{"id":2019,"date":"2022-06-01T10:52:02","date_gmt":"2022-06-01T08:52:02","guid":{"rendered":"https:\/\/swiss.hyalutidin.com\/privacy-statement\/"},"modified":"2024-11-19T09:10:18","modified_gmt":"2024-11-19T07:10:18","slug":"declaration-de-confidentialite","status":"publish","type":"page","link":"https:\/\/swiss.hyalutidin.com\/fr\/declaration-de-confidentialite\/","title":{"rendered":"D\u00e9claration de confidentialit\u00e9"},"content":{"rendered":"\t\t<div data-elementor-type=\"wp-page\" data-elementor-id=\"2019\" class=\"elementor elementor-2019 elementor-1549\" data-elementor-post-type=\"page\">\n\t\t\t\t\t\t<section class=\"elementor-section elementor-top-section elementor-element elementor-element-1c1ffc2c elementor-section-boxed elementor-section-height-default elementor-section-height-default\" data-id=\"1c1ffc2c\" data-element_type=\"section\">\n\t\t\t\t\t\t<div class=\"elementor-container elementor-column-gap-default\">\n\t\t\t\t\t<div class=\"elementor-column elementor-col-100 elementor-top-column elementor-element elementor-element-7743e6c\" data-id=\"7743e6c\" data-element_type=\"column\">\n\t\t\t<div class=\"elementor-widget-wrap elementor-element-populated\">\n\t\t\t\t\t\t<div class=\"elementor-element elementor-element-1ea01a83 elementor-widget elementor-widget-text-editor\" data-id=\"1ea01a83\" data-element_type=\"widget\" data-widget_type=\"text-editor.default\">\n\t\t\t\t<div class=\"elementor-widget-container\">\n\t\t\t\t\t\t\t\t\t<h3 class=\"generic-text-black-medium\">Port\u00e9e<\/h3><p>E. Graeub AG (la \u00ab SOCIETE \u00bb) s\u2019engage \u00e0 prot\u00e9ger la vie priv\u00e9e de tous les utilisateurs qui acc\u00e8dent au site http:\/\/swiss.hyalutidin.com (le \u00ab Site \u00bb). Le contenu du site web est la propri\u00e9t\u00e9 de la COMPAGNIE, est exploit\u00e9, licenci\u00e9 ou contr\u00f4l\u00e9 par elle.<\/p><p>L\u2019utilisateur peut naviguer et utiliser le site web sans avoir \u00e0 fournir de renseignements personnels. La SOCIETE n\u2019a acc\u00e8s qu\u2019aux donn\u00e9es personnelles fournies volontairement par les utilisateurs au moyen des formulaires fournis ou en contactant la SOCIETE par courrier \u00e9lectronique ou par tout autre moyen sur le site. Si le site recueille des renseignements personnels au moyen de t\u00e9moins, l\u2019utilisateur sera inform\u00e9 de fa\u00e7on appropri\u00e9e par la politique sur les t\u00e9moins et, le cas \u00e9ch\u00e9ant, par d\u2019autres mesures requises par la loi.<\/p><p>Ce document d\u00e9finit la politique de l\u2019ENTREPRISE en mati\u00e8re de traitement des donn\u00e9es personnelles collect\u00e9es par le biais du site web. L\u2019utilisation du site web implique le consentement de l\u2019utilisateur aux dispositions de la pr\u00e9sente politique de confidentialit\u00e9 et au traitement de ses donn\u00e9es personnelles conform\u00e9ment \u00e0 cette politique. Veuillez noter que bien qu\u2019il puisse y avoir des liens vers d\u2019autres soci\u00e9t\u00e9s ou organisations vers lesquelles le site est redirig\u00e9, la pr\u00e9sente politique de confidentialit\u00e9 s\u2019applique uniquement au site et non aux sites web d\u2019autres soci\u00e9t\u00e9s, organisations ou tiers auxquels le site est redirig\u00e9. La COMPAGNIE ne contr\u00f4le ni n\u2019approuve le contenu des sites web de tiers et n\u2019assume aucune responsabilit\u00e9 quant au contenu ou aux politiques de confidentialit\u00e9 de ces sites Web.<\/p><h3 class=\"generic-text-black-medium\">Contr\u00f4leur de donn\u00e9es<\/h3><p>Conform\u00e9ment \u00e0 la r\u00e9glementation en vigueur, l\u2019utilisateur est inform\u00e9 que les donn\u00e9es personnelles collect\u00e9es via ce site Web seront incorpor\u00e9es dans un fichier appartenant \u00e0 Dr. E. Graeub AG, une soci\u00e9t\u00e9 situ\u00e9e Rehhahgstrasse 83, 3018 Berne, Suisse.<\/p><h3 class=\"generic-text-black-medium\">Objectifs<\/h3><p>Les donn\u00e9es personnelles des utilisateurs fournies \u00e0 la SOCI\u00c9T\u00c9 lors de la prise de contact avec la SOCI\u00c9T\u00c9 via le site web ou par courrier \u00e9lectronique seront utilis\u00e9es pour r\u00e9pondre \u00e0 leurs demandes de renseignements et autres demandes. En cas d\u2019utilisation \u00e0 des fins publicitaires par l\u2019entreprise, le client a la possibilit\u00e9 de restreindre cette utilisation.<\/p><h3 class=\"generic-text-black-medium\">Transmission \u00e0 des tiers<\/h3><p>La COMPAGNIE ne divulguera pas les donn\u00e9es personnelles des utilisateurs \u00e0 des tiers \u00e0 moins que (I) la divulgation soit r\u00e9glement\u00e9e dans la Politique de confidentialit\u00e9, (II) l\u2019utilisateur consente \u00e0 la divulgation ou (III) la COMPAGNIE est tenue de se conformer \u00e0 ses obligations l\u00e9gales de divulgation.<\/p><p>Les donn\u00e9es de l\u2019utilisateur seront trait\u00e9es de mani\u00e8re strictement confidentielle et conform\u00e9ment aux mesures de s\u00e9curit\u00e9 applicables.<\/p><h3 class=\"generic-text-black-medium\">Mesures de s\u00e9curit\u00e9<\/h3><p>La SOCIETE prend les mesures techniques et organisationnelles n\u00e9cessaires pour maintenir le niveau de s\u00e9curit\u00e9 n\u00e9cessaire au traitement des donn\u00e9es personnelles. L\u2019ENTREPRISE dispose \u00e9galement des m\u00e9canismes n\u00e9cessaires pour emp\u00eacher autant que possible tout acc\u00e8s non autoris\u00e9, vol, modification non autoris\u00e9e et perte de donn\u00e9es.<\/p><h3 class=\"generic-text-black-medium\">Confidentialit\u00e9<\/h3><p>La SOCIETE s\u2019engage \u00e0 traiter de mani\u00e8re confidentielle les donn\u00e9es personnelles fournies par l\u2019utilisateur lors de sa navigation sur le site.<\/p><h3 class=\"generic-text-black-medium\">Donn\u00e9es de tiers<\/h3><p>Dans le cas o\u00f9 l\u2019utilisateur fournit des donn\u00e9es personnelles \u00e0 un tiers, l\u2019utilisateur garantit qu\u2019il a obtenu le consentement pr\u00e9alable du tiers et qu\u2019il l\u2019a inform\u00e9 au pr\u00e9alable des conditions et des finalit\u00e9s pour lesquelles la soci\u00e9t\u00e9 peut utiliser ses donn\u00e9es personnelles. L\u2019utilisateur doit fournir une preuve de consentement.<\/p><h3 class=\"generic-text-black-medium\">Qualit\u00e9 des donn\u00e9es<\/h3><p>Les donn\u00e9es fournies par les utilisateurs doivent \u00eatre correctes et v\u00e9ridiques. Dans tous les cas, l\u2019utilisateur est tenu d\u2019informer la SOCIETE de toute modification de ses donn\u00e9es afin de les tenir \u00e0 jour \u00e0 tout moment.<\/p><h3 class=\"generic-text-black-medium\">Droits des personnes concern\u00e9es<\/h3><p>Les utilisateurs peuvent \u00e0 tout moment exercer leurs droits d\u2019acc\u00e8s, de rectification, d\u2019annulation et d\u2019opposition \u00e0 l\u2019utilisation de leurs donn\u00e9es conform\u00e9ment aux dispositions de la loi applicable en envoyant une notification \u00e9crite sous la forme d\u2019un e-mail accompagn\u00e9 d\u2019une copie de leur carte d\u2019identit\u00e9.<\/p><p>Dans tous les cas, la SOCIETE ne conservera les donn\u00e9es des utilisateurs que pour la dur\u00e9e n\u00e9cessaire \u00e0 la r\u00e9alisation des finalit\u00e9s pr\u00e9vues. Sauf disposition contraire de la loi applicable, les donn\u00e9es personnelles seront bloqu\u00e9es lorsqu\u2019elles ne sont plus n\u00e9cessaires aux fins pour lesquelles elles ont \u00e9t\u00e9 collect\u00e9es.<\/p><h3 class=\"generic-text-black-medium\">Mise \u00e0 jour de la politique de confidentialit\u00e9<\/h3><p>Si elle ne viole pas la politique de confidentialit\u00e9 applicable, la SOCIETE peut modifier et mettre \u00e0 jour la politique de confidentialit\u00e9 \u00e0 tout moment sans pr\u00e9avis aux utilisateurs. Les utilisateurs doivent toujours consulter le contenu de la politique de confidentialit\u00e9 pour \u00eatre au courant des renseignements recueillis par le biais du site, de son utilisation et des circonstances dans lesquelles ils peuvent \u00eatre divulgu\u00e9s \u00e0 des tiers.<\/p>\t\t\t\t\t\t\t\t<\/div>\n\t\t\t\t<\/div>\n\t\t\t\t\t<\/div>\n\t\t<\/div>\n\t\t\t\t\t<\/div>\n\t\t<\/section>\n\t\t\t\t<\/div>\n\t\t","protected":false},"excerpt":{"rendered":"<p>Port\u00e9e E. Graeub AG (la \u00ab SOCIETE \u00bb) s\u2019engage \u00e0 prot\u00e9ger la vie priv\u00e9e de tous les utilisateurs qui acc\u00e8dent au site http:\/\/swiss.hyalutidin.com (le \u00ab Site \u00bb). Le contenu du site web est la propri\u00e9t\u00e9 de la COMPAGNIE, est exploit\u00e9, licenci\u00e9 ou contr\u00f4l\u00e9 par elle. L\u2019utilisateur peut naviguer et utiliser le site web sans avoir [&hellip;]<\/p>\n","protected":false},"author":1,"featured_media":0,"parent":0,"menu_order":90,"comment_status":"closed","ping_status":"closed","template":"page-standard.php","meta":{"inline_featured_image":false,"footnotes":""},"class_list":["post-2019","page","type-page","status-publish","hentry"],"yoast_head":"<!-- This site is optimized with the Yoast SEO plugin v24.0 - https:\/\/yoast.com\/wordpress\/plugins\/seo\/ -->\n<title>D\u00e9claration de confidentialit\u00e9 - HYALUTIDIN\u00ae DC<\/title>\n<meta name=\"robots\" content=\"index, follow, max-snippet:-1, max-image-preview:large, max-video-preview:-1\" \/>\n<link rel=\"canonical\" href=\"https:\/\/swiss.hyalutidin.com\/fr\/declaration-de-confidentialite\/\" \/>\n<meta property=\"og:locale\" content=\"fr_FR\" \/>\n<meta property=\"og:type\" content=\"article\" \/>\n<meta property=\"og:title\" content=\"D\u00e9claration de confidentialit\u00e9 - HYALUTIDIN\u00ae DC\" \/>\n<meta property=\"og:description\" content=\"Port\u00e9e E. Graeub AG (la \u00ab SOCIETE \u00bb) s\u2019engage \u00e0 prot\u00e9ger la vie priv\u00e9e de tous les utilisateurs qui acc\u00e8dent au site http:\/\/swiss.hyalutidin.com (le \u00ab Site \u00bb). Le contenu du site web est la propri\u00e9t\u00e9 de la COMPAGNIE, est exploit\u00e9, licenci\u00e9 ou contr\u00f4l\u00e9 par elle. L\u2019utilisateur peut naviguer et utiliser le site web sans avoir [&hellip;]\" \/>\n<meta property=\"og:url\" content=\"https:\/\/swiss.hyalutidin.com\/fr\/declaration-de-confidentialite\/\" \/>\n<meta property=\"og:site_name\" content=\"HYALUTIDIN\u00ae DC\" \/>\n<meta property=\"article:modified_time\" content=\"2024-11-19T07:10:18+00:00\" \/>\n<meta name=\"twitter:card\" content=\"summary_large_image\" \/>\n<meta name=\"twitter:label1\" content=\"Dur\u00e9e de lecture estim\u00e9e\" \/>\n\t<meta name=\"twitter:data1\" content=\"4 minutes\" \/>\n<script type=\"application\/ld+json\" class=\"yoast-schema-graph\">{\"@context\":\"https:\/\/schema.org\",\"@graph\":[{\"@type\":\"WebPage\",\"@id\":\"https:\/\/swiss.hyalutidin.com\/fr\/declaration-de-confidentialite\/\",\"url\":\"https:\/\/swiss.hyalutidin.com\/fr\/declaration-de-confidentialite\/\",\"name\":\"D\u00e9claration de confidentialit\u00e9 - HYALUTIDIN\u00ae DC\",\"isPartOf\":{\"@id\":\"https:\/\/swiss.hyalutidin.com\/fr\/#website\"},\"datePublished\":\"2022-06-01T08:52:02+00:00\",\"dateModified\":\"2024-11-19T07:10:18+00:00\",\"breadcrumb\":{\"@id\":\"https:\/\/swiss.hyalutidin.com\/fr\/declaration-de-confidentialite\/#breadcrumb\"},\"inLanguage\":\"fr-FR\",\"potentialAction\":[{\"@type\":\"ReadAction\",\"target\":[\"https:\/\/swiss.hyalutidin.com\/fr\/declaration-de-confidentialite\/\"]}]},{\"@type\":\"BreadcrumbList\",\"@id\":\"https:\/\/swiss.hyalutidin.com\/fr\/declaration-de-confidentialite\/#breadcrumb\",\"itemListElement\":[{\"@type\":\"ListItem\",\"position\":1,\"name\":\"Home\",\"item\":\"https:\/\/swiss.hyalutidin.com\/fr\/\"},{\"@type\":\"ListItem\",\"position\":2,\"name\":\"D\u00e9claration de confidentialit\u00e9\"}]},{\"@type\":\"WebSite\",\"@id\":\"https:\/\/swiss.hyalutidin.com\/fr\/#website\",\"url\":\"https:\/\/swiss.hyalutidin.com\/fr\/\",\"name\":\"HYALUTIDIN\u00ae DC\",\"description\":\"Helps to improve joint mobility\",\"publisher\":{\"@id\":\"https:\/\/swiss.hyalutidin.com\/fr\/#organization\"},\"potentialAction\":[{\"@type\":\"SearchAction\",\"target\":{\"@type\":\"EntryPoint\",\"urlTemplate\":\"https:\/\/swiss.hyalutidin.com\/fr\/?s={search_term_string}\"},\"query-input\":{\"@type\":\"PropertyValueSpecification\",\"valueRequired\":true,\"valueName\":\"search_term_string\"}}],\"inLanguage\":\"fr-FR\"},{\"@type\":\"Organization\",\"@id\":\"https:\/\/swiss.hyalutidin.com\/fr\/#organization\",\"name\":\"HYALUTIDIN\u00ae DC\",\"url\":\"https:\/\/swiss.hyalutidin.com\/fr\/\",\"logo\":{\"@type\":\"ImageObject\",\"inLanguage\":\"fr-FR\",\"@id\":\"https:\/\/swiss.hyalutidin.com\/fr\/#\/schema\/logo\/image\/\",\"url\":\"https:\/\/swiss.hyalutidin.com\/wp-content\/uploads\/2022\/06\/livisto.png\",\"contentUrl\":\"https:\/\/swiss.hyalutidin.com\/wp-content\/uploads\/2022\/06\/livisto.png\",\"width\":82,\"height\":44,\"caption\":\"HYALUTIDIN\u00ae DC\"},\"image\":{\"@id\":\"https:\/\/swiss.hyalutidin.com\/fr\/#\/schema\/logo\/image\/\"}}]}<\/script>\n<!-- \/ Yoast SEO plugin. -->","yoast_head_json":{"title":"D\u00e9claration de confidentialit\u00e9 - HYALUTIDIN\u00ae DC","robots":{"index":"index","follow":"follow","max-snippet":"max-snippet:-1","max-image-preview":"max-image-preview:large","max-video-preview":"max-video-preview:-1"},"canonical":"https:\/\/swiss.hyalutidin.com\/fr\/declaration-de-confidentialite\/","og_locale":"fr_FR","og_type":"article","og_title":"D\u00e9claration de confidentialit\u00e9 - HYALUTIDIN\u00ae DC","og_description":"Port\u00e9e E. Graeub AG (la \u00ab SOCIETE \u00bb) s\u2019engage \u00e0 prot\u00e9ger la vie priv\u00e9e de tous les utilisateurs qui acc\u00e8dent au site http:\/\/swiss.hyalutidin.com (le \u00ab Site \u00bb). Le contenu du site web est la propri\u00e9t\u00e9 de la COMPAGNIE, est exploit\u00e9, licenci\u00e9 ou contr\u00f4l\u00e9 par elle. L\u2019utilisateur peut naviguer et utiliser le site web sans avoir [&hellip;]","og_url":"https:\/\/swiss.hyalutidin.com\/fr\/declaration-de-confidentialite\/","og_site_name":"HYALUTIDIN\u00ae DC","article_modified_time":"2024-11-19T07:10:18+00:00","twitter_card":"summary_large_image","twitter_misc":{"Dur\u00e9e de lecture estim\u00e9e":"4 minutes"},"schema":{"@context":"https:\/\/schema.org","@graph":[{"@type":"WebPage","@id":"https:\/\/swiss.hyalutidin.com\/fr\/declaration-de-confidentialite\/","url":"https:\/\/swiss.hyalutidin.com\/fr\/declaration-de-confidentialite\/","name":"D\u00e9claration de confidentialit\u00e9 - HYALUTIDIN\u00ae DC","isPartOf":{"@id":"https:\/\/swiss.hyalutidin.com\/fr\/#website"},"datePublished":"2022-06-01T08:52:02+00:00","dateModified":"2024-11-19T07:10:18+00:00","breadcrumb":{"@id":"https:\/\/swiss.hyalutidin.com\/fr\/declaration-de-confidentialite\/#breadcrumb"},"inLanguage":"fr-FR","potentialAction":[{"@type":"ReadAction","target":["https:\/\/swiss.hyalutidin.com\/fr\/declaration-de-confidentialite\/"]}]},{"@type":"BreadcrumbList","@id":"https:\/\/swiss.hyalutidin.com\/fr\/declaration-de-confidentialite\/#breadcrumb","itemListElement":[{"@type":"ListItem","position":1,"name":"Home","item":"https:\/\/swiss.hyalutidin.com\/fr\/"},{"@type":"ListItem","position":2,"name":"D\u00e9claration de confidentialit\u00e9"}]},{"@type":"WebSite","@id":"https:\/\/swiss.hyalutidin.com\/fr\/#website","url":"https:\/\/swiss.hyalutidin.com\/fr\/","name":"HYALUTIDIN\u00ae DC","description":"Helps to improve joint mobility","publisher":{"@id":"https:\/\/swiss.hyalutidin.com\/fr\/#organization"},"potentialAction":[{"@type":"SearchAction","target":{"@type":"EntryPoint","urlTemplate":"https:\/\/swiss.hyalutidin.com\/fr\/?s={search_term_string}"},"query-input":{"@type":"PropertyValueSpecification","valueRequired":true,"valueName":"search_term_string"}}],"inLanguage":"fr-FR"},{"@type":"Organization","@id":"https:\/\/swiss.hyalutidin.com\/fr\/#organization","name":"HYALUTIDIN\u00ae DC","url":"https:\/\/swiss.hyalutidin.com\/fr\/","logo":{"@type":"ImageObject","inLanguage":"fr-FR","@id":"https:\/\/swiss.hyalutidin.com\/fr\/#\/schema\/logo\/image\/","url":"https:\/\/swiss.hyalutidin.com\/wp-content\/uploads\/2022\/06\/livisto.png","contentUrl":"https:\/\/swiss.hyalutidin.com\/wp-content\/uploads\/2022\/06\/livisto.png","width":82,"height":44,"caption":"HYALUTIDIN\u00ae DC"},"image":{"@id":"https:\/\/swiss.hyalutidin.com\/fr\/#\/schema\/logo\/image\/"}}]}},"_links":{"self":[{"href":"https:\/\/swiss.hyalutidin.com\/fr\/wp-json\/wp\/v2\/pages\/2019","targetHints":{"allow":["GET"]}}],"collection":[{"href":"https:\/\/swiss.hyalutidin.com\/fr\/wp-json\/wp\/v2\/pages"}],"about":[{"href":"https:\/\/swiss.hyalutidin.com\/fr\/wp-json\/wp\/v2\/types\/page"}],"author":[{"embeddable":true,"href":"https:\/\/swiss.hyalutidin.com\/fr\/wp-json\/wp\/v2\/users\/1"}],"replies":[{"embeddable":true,"href":"https:\/\/swiss.hyalutidin.com\/fr\/wp-json\/wp\/v2\/comments?post=2019"}],"version-history":[{"count":5,"href":"https:\/\/swiss.hyalutidin.com\/fr\/wp-json\/wp\/v2\/pages\/2019\/revisions"}],"predecessor-version":[{"id":3081,"href":"https:\/\/swiss.hyalutidin.com\/fr\/wp-json\/wp\/v2\/pages\/2019\/revisions\/3081"}],"wp:attachment":[{"href":"https:\/\/swiss.hyalutidin.com\/fr\/wp-json\/wp\/v2\/media?parent=2019"}],"curies":[{"name":"wp","href":"https:\/\/api.w.org\/{rel}","templated":true}]}}